{"id":6153,"date":"2022-06-30T07:00:12","date_gmt":"2022-06-30T07:00:12","guid":{"rendered":"https:\/\/shop.travelwithsab.com\/?post_type=product&#038;p=6153"},"modified":"2025-12-08T18:37:36","modified_gmt":"2025-12-08T18:37:36","slug":"stanley-the-legendary-classic-bottle-190l","status":"publish","type":"product","link":"https:\/\/shop.travelwithsab.com\/index.php\/stanley-the-legendary-classic-bottle-190l\/","title":{"rendered":"Stanley The Legendary Classic Bottle 1,90L"},"content":{"rendered":"<p>Stanley Classic Legendary Bottle 1.9L \/ 2.0QT Nightfall \u2013 Thermosfles houdt 45 uur warm, 2 dagen koud | Levenslange garantie | Vaatwasserbestendig | Roestvrijstalen Thermoskan | Lekvrij | BPA-vrij<\/p>\n<p><strong>Houdt warm of koud:<\/strong> In de hoogwaardig roestvrijstalen ge\u00efsoleerde thermoskan van Stanley blijft de temperatuur binnen behouden ongeacht de weersomstandigheden buiten. De vacu\u00fcm ge\u00efsoleerde roestvrijstalen fles houdt warme dranken tot wel 45 uur warm of 2 dagen koud. De Stanley roestvrijstalen flessen zijn er in verschillende maten van 0.47 liter tot 1.9 liter. De perfecte metgezel voor al je binnen- en buitenshuis avonturen.<\/p>\n<p><strong>Duurzaam en veilig<\/strong>: De Stanley thermosfles gaat een leven lang mee. De herbruikbare thermo fles is speciaal ontworpen met BPA-vrij hoogwaardig roestvrij staal om condensatie en een metaalachtige of vreemde smaak \/ geur te vermijden.<\/p>\n<p><strong>Lekbestendig:<\/strong> De mors- en lekvrije duurzame thermos is ideaal voor onderweg. De thermos is speciaal ontworpen met een lekproof deksel, zodat je hem makkelijk in je rugzak kunt stoppen zonder te morsen en een extra deksel die je ook als kopje kunt gebruiken. De brede opening aan de bovenkant maakt vullen, schenken en reinigen eenvoudig.<\/p>\n<p><strong>Makkelijk te reinigen:<\/strong> De vacu\u00fcm ge\u00efsoleerde roestvrijstalen thermosfles is makkelijk schoon te maken door de brede opening aan de bovenkant. Ieder onderdeel van de thermoskan is vaatwasserbestenig, alleen in het bovenste rek.<\/p>\n<p><strong>Levenslange garantie:<\/strong> Stanley heeft de tand des tijds doorstaan omdat het speciaal daarvoor ontworpen is. \u2018Gebouwd voor het leven\u2019 is sinds 1913 de Stanley belofte. Deze honderdjarige belofte om robuuste, capabele uitrusting te produceren die een leven lang mee gaan houdt eeuwige stand. Alle Stanley-producten worden geleverd met een levenslange garantie tegen fabricagefouten.<\/p>\n","protected":false},"excerpt":{"rendered":"<p>Stijlvolle thermosfles van Stanley met een inhoud van 1,9 Liter, die jouw dranken tot wel 45 uur warm of tot wel 2 dagen\u00a0koud houdt!<\/p>\n","protected":false},"featured_media":6411,"comment_status":"open","ping_status":"closed","template":"","meta":[],"pwb-brand":[751],"product_brand":[],"product_cat":[89,355,352,421,356,452],"product_tag":[453],"class_list":{"0":"post-6153","1":"product","2":"type-product","3":"status-publish","4":"has-post-thumbnail","6":"pwb-brand-stanley","7":"product_cat-kampeerartikelen","8":"product_cat-koffie","9":"product_cat-koken","10":"product_cat-sale","11":"product_cat-servies","12":"product_cat-thermoskannen","13":"product_tag-stanley","15":"first","16":"instock","17":"sale","18":"taxable","19":"shipping-taxable","20":"purchasable","21":"product-type-variable"},"brands":[{"id":751,"name":"Stanley","slug":"stanley"}],"_links":{"self":[{"href":"https:\/\/shop.travelwithsab.com\/index.php\/wp-json\/wp\/v2\/product\/6153","targetHints":{"allow":["GET"]}}],"collection":[{"href":"https:\/\/shop.travelwithsab.com\/index.php\/wp-json\/wp\/v2\/product"}],"about":[{"href":"https:\/\/shop.travelwithsab.com\/index.php\/wp-json\/wp\/v2\/types\/product"}],"replies":[{"embeddable":true,"href":"https:\/\/shop.travelwithsab.com\/index.php\/wp-json\/wp\/v2\/comments?post=6153"}],"wp:featuredmedia":[{"embeddable":true,"href":"https:\/\/shop.travelwithsab.com\/index.php\/wp-json\/wp\/v2\/media\/6411"}],"wp:attachment":[{"href":"https:\/\/shop.travelwithsab.com\/index.php\/wp-json\/wp\/v2\/media?parent=6153"}],"wp:term":[{"taxonomy":"pwb-brand","embeddable":true,"href":"https:\/\/shop.travelwithsab.com\/index.php\/wp-json\/wp\/v2\/pwb-brand?post=6153"},{"taxonomy":"product_brand","embeddable":true,"href":"https:\/\/shop.travelwithsab.com\/index.php\/wp-json\/wp\/v2\/product_brand?post=6153"},{"taxonomy":"product_cat","embeddable":true,"href":"https:\/\/shop.travelwithsab.com\/index.php\/wp-json\/wp\/v2\/product_cat?post=6153"},{"taxonomy":"product_tag","embeddable":true,"href":"https:\/\/shop.travelwithsab.com\/index.php\/wp-json\/wp\/v2\/product_tag?post=6153"}],"curies":[{"name":"wp","href":"https:\/\/api.w.org\/{rel}","templated":true}]}}